{"id":21472,"date":"2026-03-25T00:51:49","date_gmt":"2026-03-25T00:51:49","guid":{"rendered":"https:\/\/caribarte.org\/?page_id=21472"},"modified":"2026-03-30T01:18:34","modified_gmt":"2026-03-30T01:18:34","slug":"caribarte-4e-edition","status":"publish","type":"page","link":"https:\/\/caribarte.org\/fr_ca\/","title":{"rendered":"CaribArte 4e \u00c9dition"},"content":{"rendered":"\n<figure class=\"wp-block-image size-large\"><img fetchpriority=\"high\" decoding=\"async\" width=\"1024\" height=\"752\" src=\"https:\/\/caribarte.org\/wp-content\/uploads\/2026\/03\/Accueil_fr-1024x752.jpg\" alt=\"\" class=\"wp-image-21473\" srcset=\"https:\/\/caribarte.org\/wp-content\/uploads\/2026\/03\/Accueil_fr-1024x752.jpg 1024w, https:\/\/caribarte.org\/wp-content\/uploads\/2026\/03\/Accueil_fr-300x220.jpg 300w, https:\/\/caribarte.org\/wp-content\/uploads\/2026\/03\/Accueil_fr-768x564.jpg 768w, https:\/\/caribarte.org\/wp-content\/uploads\/2026\/03\/Accueil_fr-16x12.jpg 16w, https:\/\/caribarte.org\/wp-content\/uploads\/2026\/03\/Accueil_fr-370x272.jpg 370w, https:\/\/caribarte.org\/wp-content\/uploads\/2026\/03\/Accueil_fr-840x617.jpg 840w, https:\/\/caribarte.org\/wp-content\/uploads\/2026\/03\/Accueil_fr-410x301.jpg 410w, https:\/\/caribarte.org\/wp-content\/uploads\/2026\/03\/Accueil_fr.jpg 1048w\" sizes=\"(max-width: 1024px) 100vw, 1024px\" \/><\/figure>\n\n\n\n<h6 class=\"wp-block-heading coblocks-animate\" data-coblocks-animation=\"slideInLeft\">Au fil des derni\u00e8res \u00e9ditions, <strong><u>CaribArte<\/u><\/strong>, <u>rencontres d\u2019arts visuels<\/u> a su rassembler un public toujours plus nombreux autour de la richesse et de la vitalit\u00e9 des expressions artistiques carib\u00e9ennes.<\/h6>\n\n\n\n<h6 class=\"wp-block-heading coblocks-animate\" data-coblocks-animation=\"slideInLeft\">Fort de nos r\u00e9cents succ\u00e8s nous avons d\u00e9cid\u00e9 de tourner le regard vers un territoire o\u00f9 l\u2019art rencontre le corps : la haute couture.<\/h6>\n\n\n\n<h6 class=\"wp-block-heading coblocks-animate\" data-coblocks-animation=\"slideInLeft\">L\u2019exposition <strong><u>Eritaj<\/u><\/strong>&nbsp;explore la mode comme espace de cr\u00e9ation o\u00f9 le patrimoine culturel carib\u00e9en inspire et fa\u00e7onne des esth\u00e9tiques contemporaines mondiales.<\/h6>\n\n\n\n<h6 class=\"wp-block-heading coblocks-animate\" data-coblocks-animation=\"slideInLeft\">Les cr\u00e9ations de mode pr\u00e9sent\u00e9es dans l\u2019\u00e9dition 2026 veulent t\u00e9moigner d\u2019une identit\u00e9 hybride, o\u00f9 la tradition se r\u00e9invente et s\u2019int\u00e8gre dans l\u2019univers de la mode contemporaine internationale.<\/h6>\n\n\n\n<p><\/p>\n","protected":false},"excerpt":{"rendered":"<p>Au fil des derni\u00e8res \u00e9ditions, CaribArte, rencontres d\u2019arts visuels a su rassembler un public toujours plus nombreux autour de la richesse et de la vitalit\u00e9 des expressions artistiques carib\u00e9ennes. Fort&hellip;<\/p>\n","protected":false},"author":1,"featured_media":0,"parent":0,"menu_order":0,"comment_status":"closed","ping_status":"closed","template":"","meta":{"_coblocks_attr":"","_coblocks_dimensions":"","_coblocks_responsive_height":"","_coblocks_accordion_ie_support":"","footnotes":""},"class_list":["post-21472","page","type-page","status-publish","hentry"],"_links":{"self":[{"href":"https:\/\/caribarte.org\/fr_ca\/wp-json\/wp\/v2\/pages\/21472","targetHints":{"allow":["GET"]}}],"collection":[{"href":"https:\/\/caribarte.org\/fr_ca\/wp-json\/wp\/v2\/pages"}],"about":[{"href":"https:\/\/caribarte.org\/fr_ca\/wp-json\/wp\/v2\/types\/page"}],"author":[{"embeddable":true,"href":"https:\/\/caribarte.org\/fr_ca\/wp-json\/wp\/v2\/users\/1"}],"replies":[{"embeddable":true,"href":"https:\/\/caribarte.org\/fr_ca\/wp-json\/wp\/v2\/comments?post=21472"}],"version-history":[{"count":2,"href":"https:\/\/caribarte.org\/fr_ca\/wp-json\/wp\/v2\/pages\/21472\/revisions"}],"predecessor-version":[{"id":21479,"href":"https:\/\/caribarte.org\/fr_ca\/wp-json\/wp\/v2\/pages\/21472\/revisions\/21479"}],"wp:attachment":[{"href":"https:\/\/caribarte.org\/fr_ca\/wp-json\/wp\/v2\/media?parent=21472"}],"curies":[{"name":"wp","href":"https:\/\/api.w.org\/{rel}","templated":true}]}}