{"id":21388,"date":"2025-09-30T00:04:06","date_gmt":"2025-09-30T00:04:06","guid":{"rendered":"https:\/\/caribarte.org\/?page_id=21388"},"modified":"2025-10-29T17:45:13","modified_gmt":"2025-10-29T17:45:13","slug":"caribearte-2025-programmation","status":"publish","type":"page","link":"https:\/\/caribarte.org\/fr_ca\/caribearte-2025-programmation\/","title":{"rendered":"CaribArte 2025 &#8211; Programmation"},"content":{"rendered":"\n<figure class=\"wp-block-gallery has-nested-images columns-default is-cropped wp-block-gallery-1 is-layout-flex wp-block-gallery-is-layout-flex\">\n<figure class=\"wp-block-image size-large coblocks-animate\" data-coblocks-animation=\"fadeIn\"><img fetchpriority=\"high\" decoding=\"async\" width=\"853\" height=\"1024\" data-id=\"21465\" src=\"https:\/\/caribarte.org\/wp-content\/uploads\/2025\/10\/ca_3eEd_Prog_e-853x1024.jpg\" alt=\"\" class=\"wp-image-21465\" srcset=\"https:\/\/caribarte.org\/wp-content\/uploads\/2025\/10\/ca_3eEd_Prog_e-853x1024.jpg 853w, https:\/\/caribarte.org\/wp-content\/uploads\/2025\/10\/ca_3eEd_Prog_e-250x300.jpg 250w, https:\/\/caribarte.org\/wp-content\/uploads\/2025\/10\/ca_3eEd_Prog_e-768x922.jpg 768w, https:\/\/caribarte.org\/wp-content\/uploads\/2025\/10\/ca_3eEd_Prog_e-1280x1536.jpg 1280w, https:\/\/caribarte.org\/wp-content\/uploads\/2025\/10\/ca_3eEd_Prog_e-10x12.jpg 10w, https:\/\/caribarte.org\/wp-content\/uploads\/2025\/10\/ca_3eEd_Prog_e-370x444.jpg 370w, https:\/\/caribarte.org\/wp-content\/uploads\/2025\/10\/ca_3eEd_Prog_e-840x1008.jpg 840w, https:\/\/caribarte.org\/wp-content\/uploads\/2025\/10\/ca_3eEd_Prog_e-410x492.jpg 410w, https:\/\/caribarte.org\/wp-content\/uploads\/2025\/10\/ca_3eEd_Prog_e.jpg 1500w\" sizes=\"(max-width: 853px) 100vw, 853px\" \/><\/figure>\n<\/figure>\n\n\n\n<h6 class=\"wp-block-heading coblocks-animate\" data-coblocks-animation=\"slideInLeft\">\u201cC\u2019est le pass\u00e9 qui nous dit qui nous sommes ; sans lui, nous perdons notre identit\u00e9.\u201d&nbsp;(Stephen Hawking).&nbsp;<\/h6>\n\n\n\n<h6 class=\"wp-block-heading coblocks-animate\" data-coblocks-animation=\"slideInLeft\">Cette ann\u00e9e encore&nbsp;CaribArte, rencontres d\u2019arts visuels&nbsp;repart en qu\u00eate de cr\u00e9ativit\u00e9 en empruntant le chemin de la m\u00e9moire.&nbsp;<\/h6>\n\n\n\n<h6 class=\"wp-block-heading coblocks-animate\" data-coblocks-animation=\"slideInLeft\">Sans vouloir r\u00e9veiller les d\u00e9bats autour du d\u00e9terminisme, nous avons invit\u00e9 les artistes \u00e0 consulter leur&nbsp;M\u00e9moire vive \/m\u00e9moire morte&nbsp;afin d\u2019\u00e9crire eux-m\u00eames leurs trajectoires pr\u00e9sente et future.&nbsp;<\/h6>\n\n\n\n<h6 class=\"wp-block-heading coblocks-animate\" data-coblocks-animation=\"slideInLeft\">Les candidatures que nous avons retenues pour notre \u00e9dition 2025 se d\u00e9clinent en quatre volets.&nbsp;<\/h6>\n\n\n\n<h6 class=\"wp-block-heading coblocks-animate\" data-coblocks-animation=\"slideInLeft\">La m\u00e9moire des lieux,&nbsp;finement trait\u00e9e dans un corpus d\u2019\u0153uvres picturales sur le cloisonnement du territoire palestinien de Gaza.&nbsp;La m\u00e9moire des \u00e9poques&nbsp;est \u00e9voqu\u00e9e par un clin d\u2019\u0153il aux mondes anciens d\u2019inspiration \u00e9gyptienne et pr\u00e9colombienne.&nbsp;La m\u00e9moire des \u00e9v\u00e9nements,&nbsp;ramen\u00e9e en surface dans une approche photographique de certains \u00e9v\u00e9nements r\u00e9cents. Finalement une r\u00e9flexion sur&nbsp;la m\u00e9moire personnelle&nbsp;de situations ou d\u2019objets familiers cl\u00f4t notre 3\u00e8 \u00e9dition\u2026<\/h6>\n\n\n\n<hr class=\"wp-block-coblocks-dynamic-separator has-background has-text-dark-color is-style-line coblocks-animate\" style=\"height:20px\" data-coblocks-animation=\"slideInRight\"\/>\n\n\n\n<pre class=\"wp-block-preformatted coblocks-animate\" data-coblocks-animation=\"fadeIn\"><em>*Bruce Katz est membre fondateur et actuel co-pr\u00e9sident de PAJU (Palestiniens et Juifs unis). Il est enseignant \u00e0 la retraite. Il a donn\u00e9 de nombreuses interviews \u00e0 divers m\u00e9dias sur le conflit isra\u00e9lo-palestinien en fran\u00e7ais et en anglais au cours des 25 ann\u00e9es d'existence de PAJU en tant qu'organisation de solidarit\u00e9 avec la Palestine.<\/em><\/pre>\n\n\n\n<p><\/p>\n","protected":false},"excerpt":{"rendered":"<p>\u201cC\u2019est le pass\u00e9 qui nous dit qui nous sommes ; sans lui, nous perdons notre identit\u00e9.\u201d&nbsp;(Stephen Hawking).&nbsp; Cette ann\u00e9e encore&nbsp;CaribArte, rencontres d\u2019arts visuels&nbsp;repart en qu\u00eate de cr\u00e9ativit\u00e9 en empruntant le&hellip;<\/p>\n","protected":false},"author":1,"featured_media":0,"parent":0,"menu_order":0,"comment_status":"closed","ping_status":"closed","template":"","meta":{"_coblocks_attr":"","_coblocks_dimensions":"","_coblocks_responsive_height":"","_coblocks_accordion_ie_support":"","footnotes":""},"class_list":["post-21388","page","type-page","status-publish","hentry"],"_links":{"self":[{"href":"https:\/\/caribarte.org\/fr_ca\/wp-json\/wp\/v2\/pages\/21388","targetHints":{"allow":["GET"]}}],"collection":[{"href":"https:\/\/caribarte.org\/fr_ca\/wp-json\/wp\/v2\/pages"}],"about":[{"href":"https:\/\/caribarte.org\/fr_ca\/wp-json\/wp\/v2\/types\/page"}],"author":[{"embeddable":true,"href":"https:\/\/caribarte.org\/fr_ca\/wp-json\/wp\/v2\/users\/1"}],"replies":[{"embeddable":true,"href":"https:\/\/caribarte.org\/fr_ca\/wp-json\/wp\/v2\/comments?post=21388"}],"version-history":[{"count":26,"href":"https:\/\/caribarte.org\/fr_ca\/wp-json\/wp\/v2\/pages\/21388\/revisions"}],"predecessor-version":[{"id":21466,"href":"https:\/\/caribarte.org\/fr_ca\/wp-json\/wp\/v2\/pages\/21388\/revisions\/21466"}],"wp:attachment":[{"href":"https:\/\/caribarte.org\/fr_ca\/wp-json\/wp\/v2\/media?parent=21388"}],"curies":[{"name":"wp","href":"https:\/\/api.w.org\/{rel}","templated":true}]}}