{"id":21046,"date":"2024-10-10T20:48:14","date_gmt":"2024-10-10T20:48:14","guid":{"rendered":"https:\/\/caribarte.org\/?page_id=21046"},"modified":"2024-12-09T18:10:22","modified_gmt":"2024-12-09T18:10:22","slug":"presentation","status":"publish","type":"page","link":"https:\/\/caribarte.org\/fr_ca\/presentation\/","title":{"rendered":"Presentation"},"content":{"rendered":"\t\t<div data-elementor-type=\"wp-page\" data-elementor-id=\"21046\" class=\"elementor elementor-21046\">\n\t\t\t\t<div class=\"e-con-with-custom-width elementor-element elementor-element-0c2e666 e-flex e-con-boxed sc_inner_width_none sc_layouts_column_icons_position_left e-con e-parent\" data-id=\"0c2e666\" data-element_type=\"container\" data-e-type=\"container\">\n\t\t\t\t\t<div class=\"e-con-inner\">\n\t\t\t\t<div class=\"elementor-element elementor-element-76c67fa sc_fly_static elementor-widget elementor-widget-video\" data-id=\"76c67fa\" data-element_type=\"widget\" data-e-type=\"widget\" data-settings=\"{&quot;youtube_url&quot;:&quot;https:\\\/\\\/youtu.be\\\/NmIxiiTAJgM&quot;,&quot;video_type&quot;:&quot;youtube&quot;,&quot;controls&quot;:&quot;yes&quot;}\" data-widget_type=\"video.default\">\n\t\t\t\t<div class=\"elementor-widget-container\">\n\t\t\t\t\t\t\t<div class=\"elementor-wrapper elementor-open-inline\">\n\t\t\t<div class=\"elementor-video\"><\/div>\t\t<\/div>\n\t\t\t\t\t\t<\/div>\n\t\t\t\t<\/div>\n\t\t\t\t\t<\/div>\n\t\t\t\t<\/div>\n\t\t<div class=\"elementor-element elementor-element-dcc9ba5 e-flex e-con-boxed sc_inner_width_none sc_layouts_column_icons_position_left e-con e-parent\" data-id=\"dcc9ba5\" data-element_type=\"container\" data-e-type=\"container\">\n\t\t\t\t\t<div class=\"e-con-inner\">\n\t\t\t\t<div class=\"elementor-element elementor-element-2441466 sc_fly_static elementor-widget elementor-widget-text-editor\" data-id=\"2441466\" data-element_type=\"widget\" data-e-type=\"widget\" data-widget_type=\"text-editor.default\">\n\t\t\t\t<div class=\"elementor-widget-container\">\n\t\t\t\t\t\t\t\t\t<p>Vid\u00e9o de pr\u00e9sentation<\/p>\t\t\t\t\t\t\t\t<\/div>\n\t\t\t\t<\/div>\n\t\t\t\t\t<\/div>\n\t\t\t\t<\/div>\n\t\t<div class=\"elementor-element elementor-element-fa59183 e-flex e-con-boxed sc_inner_width_none sc_layouts_column_icons_position_left e-con e-parent\" data-id=\"fa59183\" data-element_type=\"container\" data-e-type=\"container\">\n\t\t\t\t\t<div class=\"e-con-inner\">\n\t\t\t\t<div class=\"elementor-element elementor-element-950dc1a elementor-widget-divider--view-line sc_fly_static elementor-widget elementor-widget-divider\" data-id=\"950dc1a\" data-element_type=\"widget\" data-e-type=\"widget\" data-widget_type=\"divider.default\">\n\t\t\t\t<div class=\"elementor-widget-container\">\n\t\t\t\t\t\t\t<div class=\"elementor-divider\">\n\t\t\t<span class=\"elementor-divider-separator\">\n\t\t\t\t\t\t<\/span>\n\t\t<\/div>\n\t\t\t\t\t\t<\/div>\n\t\t\t\t<\/div>\n\t\t\t\t\t<\/div>\n\t\t\t\t<\/div>\n\t\t<div class=\"elementor-element elementor-element-8c23c54 e-flex e-con-boxed sc_inner_width_none sc_layouts_column_icons_position_left e-con e-parent\" data-id=\"8c23c54\" data-element_type=\"container\" data-e-type=\"container\">\n\t\t\t\t\t<div class=\"e-con-inner\">\n\t\t\t\t<div class=\"elementor-element elementor-element-a6f2de4 sc_fly_static elementor-widget elementor-widget-text-editor\" data-id=\"a6f2de4\" data-element_type=\"widget\" data-e-type=\"widget\" data-widget_type=\"text-editor.default\">\n\t\t\t\t<div class=\"elementor-widget-container\">\n\t\t\t\t\t\t\t\t\t<audio class=\"wp-audio-shortcode\" id=\"audio-21046-1\" preload=\"none\" style=\"width: 100%;\" controls=\"controls\"><source type=\"audio\/mpeg\" src=\"https:\/\/caribarte.org\/wp-content\/uploads\/2024\/10\/Interview-CPAM.mp3?_=1\" \/><a href=\"https:\/\/caribarte.org\/wp-content\/uploads\/2024\/10\/Interview-CPAM.mp3\">https:\/\/caribarte.org\/wp-content\/uploads\/2024\/10\/Interview-CPAM.mp3<\/a><\/audio>\t\t\t\t\t\t\t\t<\/div>\n\t\t\t\t<\/div>\n\t\t\t\t\t<\/div>\n\t\t\t\t<\/div>\n\t\t<div class=\"elementor-element elementor-element-1bdbebb e-flex e-con-boxed sc_inner_width_none sc_layouts_column_icons_position_left e-con e-parent\" data-id=\"1bdbebb\" data-element_type=\"container\" data-e-type=\"container\">\n\t\t\t\t\t<div class=\"e-con-inner\">\n\t\t\t\t<div class=\"elementor-element elementor-element-df85765 elementor-widget__width-initial sc_fly_static elementor-widget elementor-widget-heading\" data-id=\"df85765\" data-element_type=\"widget\" data-e-type=\"widget\" data-widget_type=\"heading.default\">\n\t\t\t\t<div class=\"elementor-widget-container\">\n\t\t\t\t\t<p class=\"elementor-heading-title elementor-size-default\">Entrevue de Gr\u00e9gory Jean-Baptiste, coordonnateur de Caribarte \u00e0 la Radio CPAM<\/p>\t\t\t\t<\/div>\n\t\t\t\t<\/div>\n\t\t\t\t\t<\/div>\n\t\t\t\t<\/div>\n\t\t\t\t<\/div>\n\t\t","protected":false},"excerpt":{"rendered":"<p>https:\/\/youtu.be\/NmIxiiTAJgM Vid\u00e9o de pr\u00e9sentation Entrevue de Gr\u00e9gory Jean-Baptiste, coordonnateur de Caribarte \u00e0 la Radio CPAM<\/p>\n","protected":false},"author":1,"featured_media":0,"parent":0,"menu_order":0,"comment_status":"closed","ping_status":"closed","template":"","meta":{"_coblocks_attr":"","_coblocks_dimensions":"","_coblocks_responsive_height":"","_coblocks_accordion_ie_support":"","footnotes":""},"class_list":["post-21046","page","type-page","status-publish","hentry"],"_links":{"self":[{"href":"https:\/\/caribarte.org\/fr_ca\/wp-json\/wp\/v2\/pages\/21046","targetHints":{"allow":["GET"]}}],"collection":[{"href":"https:\/\/caribarte.org\/fr_ca\/wp-json\/wp\/v2\/pages"}],"about":[{"href":"https:\/\/caribarte.org\/fr_ca\/wp-json\/wp\/v2\/types\/page"}],"author":[{"embeddable":true,"href":"https:\/\/caribarte.org\/fr_ca\/wp-json\/wp\/v2\/users\/1"}],"replies":[{"embeddable":true,"href":"https:\/\/caribarte.org\/fr_ca\/wp-json\/wp\/v2\/comments?post=21046"}],"version-history":[{"count":22,"href":"https:\/\/caribarte.org\/fr_ca\/wp-json\/wp\/v2\/pages\/21046\/revisions"}],"predecessor-version":[{"id":21228,"href":"https:\/\/caribarte.org\/fr_ca\/wp-json\/wp\/v2\/pages\/21046\/revisions\/21228"}],"wp:attachment":[{"href":"https:\/\/caribarte.org\/fr_ca\/wp-json\/wp\/v2\/media?parent=21046"}],"curies":[{"name":"wp","href":"https:\/\/api.w.org\/{rel}","templated":true}]}}