{"id":20348,"date":"2023-10-06T20:21:35","date_gmt":"2023-10-06T20:21:35","guid":{"rendered":"https:\/\/caribarte.org\/?page_id=20348"},"modified":"2023-10-07T23:59:47","modified_gmt":"2023-10-07T23:59:47","slug":"cgu","status":"publish","type":"page","link":"https:\/\/caribarte.org\/fr_ca\/cgu\/","title":{"rendered":"Conditions g\u00e9n\u00e9rales d&rsquo;utilisation"},"content":{"rendered":"\t\t<div data-elementor-type=\"wp-page\" data-elementor-id=\"20348\" class=\"elementor elementor-20348\">\n\t\t\t\t<div class=\"elementor-element elementor-element-31ccae2 e-flex e-con-boxed sc_inner_width_none sc_layouts_column_icons_position_left e-con e-parent\" data-id=\"31ccae2\" data-element_type=\"container\" data-e-type=\"container\">\n\t\t\t\t\t<div class=\"e-con-inner\">\n\t\t\t\t<div class=\"elementor-element elementor-element-fd1e34e sc_fly_static elementor-widget elementor-widget-text-editor\" data-id=\"fd1e34e\" data-element_type=\"widget\" data-e-type=\"widget\" data-widget_type=\"text-editor.default\">\n\t\t\t\t<div class=\"elementor-widget-container\">\n\t\t\t\t\t\t\t\t\t<div class=\"flex flex-grow flex-col gap-3 max-w-full\"><div class=\"min-h-[20px] flex flex-col items-start gap-3 whitespace-pre-wrap break-words overflow-x-auto\"><div class=\"markdown prose w-full break-words dark:prose-invert light\"><p><strong>Conditions G\u00e9n\u00e9rales d&rsquo;Utilisation de CaribArte<\/strong><\/p><p>Derni\u00e8re mise \u00e0 jour : 5 octobre 2023<\/p><p>Veuillez lire attentivement les pr\u00e9sentes Conditions G\u00e9n\u00e9rales d&rsquo;Utilisation (\u00ab\u00a0CGU\u00a0\u00bb) avant d&rsquo;acc\u00e9der ou d&rsquo;utiliser le site internet de CaribArte (ci-apr\u00e8s d\u00e9sign\u00e9 le \u00ab\u00a0Site\u00a0\u00bb). En acc\u00e9dant au Site, vous acceptez de vous conformer aux pr\u00e9sentes CGU. Si vous n&rsquo;\u00eates pas d&rsquo;accord avec ces conditions, veuillez ne pas utiliser le Site.<\/p><p><strong>Propri\u00e9t\u00e9 des Contenus<\/strong><\/p><p>Tous les \u00e9l\u00e9ments, y compris mais sans s&rsquo;y limiter, les images, m\u00e9dias vid\u00e9os, textes, graphiques, logos, ic\u00f4nes, et tout autre contenu pr\u00e9sent sur le Site, restent la propri\u00e9t\u00e9 exclusive de CaribArte ou de ses conc\u00e9dants de licence. Aucune utilisation non autoris\u00e9e de ces \u00e9l\u00e9ments n&rsquo;est permise.<\/p><p><strong>Utilisation Autoris\u00e9e<\/strong><\/p><p>CaribArte accorde aux utilisateurs du Site une licence limit\u00e9e, non exclusive, r\u00e9vocable et non transf\u00e9rable pour acc\u00e9der et utiliser le Site \u00e0 des fins personnelles et non commerciales. Vous acceptez de ne pas utiliser le Site \u00e0 des fins ill\u00e9gales, frauduleuses, diffamatoires, offensantes, ou contraires aux pr\u00e9sentes CGU.<\/p><p><strong>Restrictions d&rsquo;Utilisation<\/strong><\/p><p>Il est strictement interdit de copier, reproduire, distribuer, publier, afficher, modifier, cr\u00e9er des \u0153uvres d\u00e9riv\u00e9es, t\u00e9l\u00e9charger, transmettre, ou exploiter de quelque mani\u00e8re que ce soit tout contenu du Site sans l&rsquo;autorisation pr\u00e9alable \u00e9crite de CaribArte. Toute utilisation non autoris\u00e9e des contenus du Site peut entra\u00eener des poursuites civiles et p\u00e9nales.<\/p><p><strong>Protection des Droits d&rsquo;Auteur et des Marques<\/strong><\/p><p>CaribArte respecte les droits de propri\u00e9t\u00e9 intellectuelle d&rsquo;autrui et vous encourage \u00e0 faire de m\u00eame. Si vous pensez que votre contenu a \u00e9t\u00e9 utilis\u00e9 de mani\u00e8re non autoris\u00e9e sur le Site, veuillez contacter CaribArte imm\u00e9diatement \u00e0 l&rsquo;adresse [adresse e-mail de contact] pour signaler toute violation pr\u00e9sum\u00e9e.<\/p><p><strong>Modification des CGU<\/strong><\/p><p>CaribArte se r\u00e9serve le droit de modifier ces CGU \u00e0 tout moment. Les modifications seront effectives d\u00e8s leur publication sur le Site, et votre utilisation continue du Site constitue votre acceptation de ces modifications. Il est de votre responsabilit\u00e9 de consulter r\u00e9guli\u00e8rement les CGU pour prendre connaissance de toute mise \u00e0 jour.<\/p><p><strong>Contact<\/strong><\/p><p>Si vous avez des questions ou des pr\u00e9occupations concernant ces CGU, veuillez nous contacter sans h\u00e9siter.<\/p><p>En utilisant le Site, vous reconnaissez avoir lu, compris et accept\u00e9 les pr\u00e9sentes Conditions G\u00e9n\u00e9rales d&rsquo;Utilisation de CaribArte.<\/p><\/div><\/div><\/div>\t\t\t\t\t\t\t\t<\/div>\n\t\t\t\t<\/div>\n\t\t\t\t\t<\/div>\n\t\t\t\t<\/div>\n\t\t\t\t<\/div>\n\t\t","protected":false},"excerpt":{"rendered":"<p>Conditions G\u00e9n\u00e9rales d&rsquo;Utilisation de CaribArte Derni\u00e8re mise \u00e0 jour : 5 octobre 2023 Veuillez lire attentivement les pr\u00e9sentes Conditions G\u00e9n\u00e9rales d&rsquo;Utilisation (\u00ab\u00a0CGU\u00a0\u00bb) avant d&rsquo;acc\u00e9der ou d&rsquo;utiliser le site internet de&hellip;<\/p>\n","protected":false},"author":1,"featured_media":0,"parent":0,"menu_order":0,"comment_status":"closed","ping_status":"closed","template":"","meta":{"_coblocks_attr":"","_coblocks_dimensions":"","_coblocks_responsive_height":"","_coblocks_accordion_ie_support":"","footnotes":""},"class_list":["post-20348","page","type-page","status-publish","hentry"],"_links":{"self":[{"href":"https:\/\/caribarte.org\/fr_ca\/wp-json\/wp\/v2\/pages\/20348","targetHints":{"allow":["GET"]}}],"collection":[{"href":"https:\/\/caribarte.org\/fr_ca\/wp-json\/wp\/v2\/pages"}],"about":[{"href":"https:\/\/caribarte.org\/fr_ca\/wp-json\/wp\/v2\/types\/page"}],"author":[{"embeddable":true,"href":"https:\/\/caribarte.org\/fr_ca\/wp-json\/wp\/v2\/users\/1"}],"replies":[{"embeddable":true,"href":"https:\/\/caribarte.org\/fr_ca\/wp-json\/wp\/v2\/comments?post=20348"}],"version-history":[{"count":5,"href":"https:\/\/caribarte.org\/fr_ca\/wp-json\/wp\/v2\/pages\/20348\/revisions"}],"predecessor-version":[{"id":20353,"href":"https:\/\/caribarte.org\/fr_ca\/wp-json\/wp\/v2\/pages\/20348\/revisions\/20353"}],"wp:attachment":[{"href":"https:\/\/caribarte.org\/fr_ca\/wp-json\/wp\/v2\/media?parent=20348"}],"curies":[{"name":"wp","href":"https:\/\/api.w.org\/{rel}","templated":true}]}}