{"id":18041,"date":"2022-06-23T11:15:34","date_gmt":"2022-06-23T11:15:34","guid":{"rendered":"https:\/\/caribarte.org\/?page_id=18041"},"modified":"2024-04-22T17:03:46","modified_gmt":"2024-04-22T17:03:46","slug":"apropos","status":"publish","type":"page","link":"https:\/\/caribarte.org\/fr_ca\/apropos\/","title":{"rendered":"\u00c0 propos"},"content":{"rendered":"\t\t<div data-elementor-type=\"wp-page\" data-elementor-id=\"18041\" class=\"elementor elementor-18041\">\n\t\t\t\t<div class=\"elementor-element elementor-element-d922ccf e-flex e-con-boxed sc_inner_width_none sc_layouts_column_icons_position_left e-con e-parent\" data-id=\"d922ccf\" data-element_type=\"container\" data-e-type=\"container\">\n\t\t\t\t\t<div class=\"e-con-inner\">\n\t\t\t\t<div class=\"elementor-element elementor-element-c0aec0b sc_fly_static elementor-widget elementor-widget-image\" data-id=\"c0aec0b\" data-element_type=\"widget\" data-e-type=\"widget\" data-widget_type=\"image.default\">\n\t\t\t\t<div class=\"elementor-widget-container\">\n\t\t\t\t\t\t\t\t\t\t\t\t\t\t\t<img fetchpriority=\"high\" decoding=\"async\" width=\"300\" height=\"189\" src=\"https:\/\/caribarte.org\/wp-content\/uploads\/2023\/10\/cropped-Logo-CarobArte-f-300x189.png\" class=\"attachment-medium size-medium wp-image-20273\" alt=\"\" srcset=\"https:\/\/caribarte.org\/wp-content\/uploads\/2023\/10\/cropped-Logo-CarobArte-f-300x189.png 300w, https:\/\/caribarte.org\/wp-content\/uploads\/2023\/10\/cropped-Logo-CarobArte-f-768x484.png 768w, https:\/\/caribarte.org\/wp-content\/uploads\/2023\/10\/cropped-Logo-CarobArte-f-370x233.png 370w, https:\/\/caribarte.org\/wp-content\/uploads\/2023\/10\/cropped-Logo-CarobArte-f-410x258.png 410w, https:\/\/caribarte.org\/wp-content\/uploads\/2023\/10\/cropped-Logo-CarobArte-f.png 792w\" sizes=\"(max-width: 300px) 100vw, 300px\" \/>\t\t\t\t\t\t\t\t\t\t\t\t\t\t\t<\/div>\n\t\t\t\t<\/div>\n\t\t\t\t\t<\/div>\n\t\t\t\t<\/div>\n\t\t\t\t<section class=\"elementor-section elementor-top-section elementor-element elementor-element-13a1e1db elementor-section-stretched elementor-section-full_width elementor-section-content-middle elementor-section-height-default elementor-section-height-default sc_fly_static\" data-id=\"13a1e1db\" data-element_type=\"section\" data-e-type=\"section\" data-settings=\"{&quot;stretch_section&quot;:&quot;section-stretched&quot;,&quot;background_background&quot;:&quot;classic&quot;}\">\n\t\t\t\t\t\t<div class=\"elementor-container elementor-column-gap-no\">\n\t\t\t\t\t<div class=\"elementor-column elementor-col-50 elementor-top-column elementor-element elementor-element-5288dcf0 sc_inner_width_none sc_content_align_inherit sc_layouts_column_icons_position_left sc_fly_static\" data-id=\"5288dcf0\" data-element_type=\"column\" data-e-type=\"column\" data-settings=\"{&quot;background_background&quot;:&quot;classic&quot;}\">\n\t\t\t<div class=\"elementor-widget-wrap elementor-element-populated\">\n\t\t\t\t\t\t<div class=\"elementor-element elementor-element-3473ee30 sc_fly_static elementor-widget elementor-widget-spacer\" data-id=\"3473ee30\" data-element_type=\"widget\" data-e-type=\"widget\" data-widget_type=\"spacer.default\">\n\t\t\t\t<div class=\"elementor-widget-container\">\n\t\t\t\t\t\t\t<div class=\"elementor-spacer\">\n\t\t\t<div class=\"elementor-spacer-inner\"><\/div>\n\t\t<\/div>\n\t\t\t\t\t\t<\/div>\n\t\t\t\t<\/div>\n\t\t\t\t\t<\/div>\n\t\t<\/div>\n\t\t\t\t<div class=\"elementor-column elementor-col-50 elementor-top-column elementor-element elementor-element-4671f773 sc_inner_width_1_2 sc-mobile_inner_width_none sc-tablet_inner_width_none sc_content_align_inherit sc_layouts_column_icons_position_left sc_fly_static\" data-id=\"4671f773\" data-element_type=\"column\" data-e-type=\"column\">\n\t\t\t<div class=\"elementor-widget-wrap elementor-element-populated\">\n\t\t\t\t\t\t<div class=\"elementor-element elementor-element-1be95496 sc_height_huge sc_layouts_hide_on_mobile sc_fly_static elementor-widget elementor-widget-spacer\" data-id=\"1be95496\" data-element_type=\"widget\" data-e-type=\"widget\" data-widget_type=\"spacer.default\">\n\t\t\t\t<div class=\"elementor-widget-container\">\n\t\t\t\t\t\t\t<div class=\"elementor-spacer\">\n\t\t\t<div class=\"elementor-spacer-inner\"><\/div>\n\t\t<\/div>\n\t\t\t\t\t\t<\/div>\n\t\t\t\t<\/div>\n\t\t\t\t<div class=\"elementor-element elementor-element-6b28eefd elementor-widget__width-initial sc_fly_static elementor-widget elementor-widget-spacer\" data-id=\"6b28eefd\" data-element_type=\"widget\" data-e-type=\"widget\" data-widget_type=\"spacer.default\">\n\t\t\t\t<div class=\"elementor-widget-container\">\n\t\t\t\t\t\t\t<div class=\"elementor-spacer\">\n\t\t\t<div class=\"elementor-spacer-inner\"><\/div>\n\t\t<\/div>\n\t\t\t\t\t\t<\/div>\n\t\t\t\t<\/div>\n\t\t\t\t<div class=\"elementor-element elementor-element-1afe53bd sc_fly_static elementor-widget elementor-widget-text-editor\" data-id=\"1afe53bd\" data-element_type=\"widget\" data-e-type=\"widget\" data-widget_type=\"text-editor.default\">\n\t\t\t\t<div class=\"elementor-widget-container\">\n\t\t\t\t\t\t\t\t\t<p><span style=\"color: #ffffff;\"><strong>Qui nous sommes<\/strong><\/span><\/p><p><strong>Caribarte: rencontres d&rsquo;arts visuels <\/strong>est un festival annuel qui se d\u00e9roule en automne \u00e0 Montr\u00e9al. Notre programmation fait la liaison entre les artistes visuels et le public, par le biais d&rsquo;expositions, de causeries et d&rsquo;activit\u00e9s \u00e9ducatives. Nous tenons aussi, pendant l&rsquo;\u00e9t\u00e9, une s\u00e9rie d&rsquo;\u00e9v\u00e9nements de mi-ann\u00e9e, intitul\u00e9e <strong>l&rsquo;image \u00e0 l&rsquo;\u0153il.<\/strong><\/p><p style=\"text-align: left;\"><span style=\"color: #ffffff;\"><strong>Historique du festival<\/strong><\/span><\/p><p style=\"text-align: left;\"><strong>Caribarte: rencontres d&rsquo;arts visuels<\/strong> est fond\u00e9 en 2023 dans le cadre des c\u00e9l\u00e9brations du 40e anniversaire du CIDIHCA, organisme montr\u00e9alais d\u00e9di\u00e9 \u00e0 la diffusion et l&rsquo;actualisation des r\u00e9alit\u00e9s cara\u00efbes et afro canadiennes.<\/p><p style=\"text-align: left;\"><span style=\"color: #ffffff;\"><strong>La mission<\/strong><\/span><\/p><p style=\"text-align: left;\">Un groupe d&rsquo;artistes de la rel\u00e8ve du CIDIHCA a cr\u00e9\u00e9 le festival d&rsquo;arts visuels <strong>caribarte<\/strong> avec la mission de d\u00e9velopper les arts visuels et proposer une reconstruction du regard sur les pratiques contemporaines de l&rsquo;image en accord avec le monde de conjonctions et de m\u00e9tissage dans lequel nous vivons.<\/p><p style=\"text-align: left;\"><span style=\"color: #ffffff;\"><strong>La vision<\/strong><\/span><\/p><p style=\"text-align: left;\"><strong>Caribarte<\/strong> s&rsquo;int\u00e9resse aux sujets universellement abord\u00e9s par la r\u00e9flexion artistique moderne, tout en privil\u00e9giant l&rsquo;introduction d&rsquo;esth\u00e9tiques nouvelles dans le traitement des sujets. Nous encourageons une production visuelle aux limites des zones de confort.<\/p>\t\t\t\t\t\t\t\t<\/div>\n\t\t\t\t<\/div>\n\t\t\t\t<div class=\"elementor-element elementor-element-4651a67f sc_fly_static elementor-widget elementor-widget-spacer\" data-id=\"4651a67f\" data-element_type=\"widget\" data-e-type=\"widget\" data-widget_type=\"spacer.default\">\n\t\t\t\t<div class=\"elementor-widget-container\">\n\t\t\t\t\t\t\t<div class=\"elementor-spacer\">\n\t\t\t<div class=\"elementor-spacer-inner\"><\/div>\n\t\t<\/div>\n\t\t\t\t\t\t<\/div>\n\t\t\t\t<\/div>\n\t\t\t\t<div class=\"elementor-element elementor-element-9a3eb9d sc_fly_static elementor-widget elementor-widget-spacer\" data-id=\"9a3eb9d\" data-element_type=\"widget\" data-e-type=\"widget\" data-widget_type=\"spacer.default\">\n\t\t\t\t<div class=\"elementor-widget-container\">\n\t\t\t\t\t\t\t<div class=\"elementor-spacer\">\n\t\t\t<div class=\"elementor-spacer-inner\"><\/div>\n\t\t<\/div>\n\t\t\t\t\t\t<\/div>\n\t\t\t\t<\/div>\n\t\t\t\t<div class=\"elementor-element elementor-element-4d43498f sc_height_huge sc_layouts_hide_on_mobile sc_fly_static elementor-widget elementor-widget-spacer\" data-id=\"4d43498f\" data-element_type=\"widget\" data-e-type=\"widget\" data-widget_type=\"spacer.default\">\n\t\t\t\t<div class=\"elementor-widget-container\">\n\t\t\t\t\t\t\t<div class=\"elementor-spacer\">\n\t\t\t<div class=\"elementor-spacer-inner\"><\/div>\n\t\t<\/div>\n\t\t\t\t\t\t<\/div>\n\t\t\t\t<\/div>\n\t\t\t\t\t<\/div>\n\t\t<\/div>\n\t\t\t\t\t<\/div>\n\t\t<\/section>\n\t\t\t\t<\/div>\n\t\t","protected":false},"excerpt":{"rendered":"<p>Qui nous sommes Caribarte: rencontres d&rsquo;arts visuels est un festival annuel qui se d\u00e9roule en automne \u00e0 Montr\u00e9al. Notre programmation fait la liaison entre les artistes visuels et le public,&hellip;<\/p>\n","protected":false},"author":1,"featured_media":0,"parent":0,"menu_order":0,"comment_status":"closed","ping_status":"closed","template":"","meta":{"_coblocks_attr":"","_coblocks_dimensions":"","_coblocks_responsive_height":"","_coblocks_accordion_ie_support":"","footnotes":""},"class_list":["post-18041","page","type-page","status-publish","hentry"],"_links":{"self":[{"href":"https:\/\/caribarte.org\/fr_ca\/wp-json\/wp\/v2\/pages\/18041","targetHints":{"allow":["GET"]}}],"collection":[{"href":"https:\/\/caribarte.org\/fr_ca\/wp-json\/wp\/v2\/pages"}],"about":[{"href":"https:\/\/caribarte.org\/fr_ca\/wp-json\/wp\/v2\/types\/page"}],"author":[{"embeddable":true,"href":"https:\/\/caribarte.org\/fr_ca\/wp-json\/wp\/v2\/users\/1"}],"replies":[{"embeddable":true,"href":"https:\/\/caribarte.org\/fr_ca\/wp-json\/wp\/v2\/comments?post=18041"}],"version-history":[{"count":75,"href":"https:\/\/caribarte.org\/fr_ca\/wp-json\/wp\/v2\/pages\/18041\/revisions"}],"predecessor-version":[{"id":21267,"href":"https:\/\/caribarte.org\/fr_ca\/wp-json\/wp\/v2\/pages\/18041\/revisions\/21267"}],"wp:attachment":[{"href":"https:\/\/caribarte.org\/fr_ca\/wp-json\/wp\/v2\/media?parent=18041"}],"curies":[{"name":"wp","href":"https:\/\/api.w.org\/{rel}","templated":true}]}}