{"id":21388,"date":"2025-09-30T00:04:06","date_gmt":"2025-09-30T00:04:06","guid":{"rendered":"https:\/\/caribarte.org\/?page_id=21388"},"modified":"2025-10-29T17:45:13","modified_gmt":"2025-10-29T17:45:13","slug":"caribearte-2025-programmation","status":"publish","type":"page","link":"https:\/\/caribarte.org\/en\/caribearte-2025-programmation\/","title":{"rendered":"CaribArte 2025 &#8211; Programmation"},"content":{"rendered":"<figure class=\"wp-block-gallery has-nested-images columns-default is-cropped wp-block-gallery-1 is-layout-flex wp-block-gallery-is-layout-flex\">\n<figure class=\"wp-block-image size-large coblocks-animate\" data-coblocks-animation=\"fadeIn\"><img fetchpriority=\"high\" decoding=\"async\" width=\"853\" height=\"1024\" data-id=\"21465\" src=\"https:\/\/caribarte.org\/wp-content\/uploads\/2025\/10\/ca_3eEd_Prog_en_e.jpg\" alt=\"\" class=\"wp-image-21465\" srcset=\"https:\/\/caribarte.org\/wp-content\/uploads\/2025\/10\/ca_3eEd_Prog_en_e.jpg 1500w, https:\/\/caribarte.org\/wp-content\/uploads\/2025\/10\/ca_3eEd_Prog_en_e-250x300.jpg 250w, https:\/\/caribarte.org\/wp-content\/uploads\/2025\/10\/ca_3eEd_Prog_en_e-853x1024.jpg 853w, https:\/\/caribarte.org\/wp-content\/uploads\/2025\/10\/ca_3eEd_Prog_en_e-768x922.jpg 768w, https:\/\/caribarte.org\/wp-content\/uploads\/2025\/10\/ca_3eEd_Prog_en_e-1280x1536.jpg 1280w, https:\/\/caribarte.org\/wp-content\/uploads\/2025\/10\/ca_3eEd_Prog_en_e-10x12.jpg 10w, https:\/\/caribarte.org\/wp-content\/uploads\/2025\/10\/ca_3eEd_Prog_en_e-370x444.jpg 370w, https:\/\/caribarte.org\/wp-content\/uploads\/2025\/10\/ca_3eEd_Prog_en_e-840x1008.jpg 840w, https:\/\/caribarte.org\/wp-content\/uploads\/2025\/10\/ca_3eEd_Prog_en_e-410x492.jpg 410w\" sizes=\"(max-width: 853px) 100vw, 853px\" \/><\/figure>\n<\/figure>\n\n\n\n<h6 class=\"wp-block-heading coblocks-animate\" data-coblocks-animation=\"slideInLeft\">\u201cIt is the past that tells us who we are ; without it, we lose our identity.\u201d (Stephen Hawking)&nbsp;<\/h6>\n\n\n\n<h6 class=\"wp-block-heading coblocks-animate\" data-coblocks-animation=\"slideInLeft\">This year once gain, CaribArte, rencontres d'arts visuels sets out in search of creativity via the path of memory.&nbsp;<\/h6>\n\n\n\n<h6 class=\"wp-block-heading coblocks-animate\" data-coblocks-animation=\"slideInLeft\">Without reopening debates on determinism, we have invited artists to consult their Living memory \/latent memory in order to author their own present and future trajectories.&nbsp;<\/h6>\n\n\n\n<h6 class=\"wp-block-heading coblocks-animate\" data-coblocks-animation=\"slideInLeft\">The selected works are presented in four strands.&nbsp;<\/h6>\n\n\n\n<h6 class=\"wp-block-heading coblocks-animate\" data-coblocks-animation=\"slideInLeft\">First, the memory of place is examined through a corpus of paintings that address the territorial fragmentation of Gaza. The memory of eras appears in dialogues with ancient worlds inspired by Egyptian and Pre-Columbian cultures. Third, the memory of events, brought to mind in a photographic approach of some recent events. Our 3rd edition ends with the memory of the personal that emerges through intimate constellations of familiar situations and objects...<\/h6>\n\n\n\n<hr class=\"wp-block-coblocks-dynamic-separator has-background has-text-dark-color is-style-line coblocks-animate\" style=\"height:20px\" data-coblocks-animation=\"slideInRight\"\/>\n\n\n\n<pre class=\"wp-block-preformatted coblocks-animate\" data-coblocks-animation=\"fadeIn\"><em>*Bruce Katz is a retired teacher, founding member  and current co-president of PAJU (Palestinian and Jewish Unity), a Palestine solidarity organisation. During the past 25 years he has spoken numerous times about the Israeli-Palestinian conflict on many French and English speaking media.<\/em><\/pre>\n\n\n\n<p><\/p>","protected":false},"excerpt":{"rendered":"<p>\u201cC\u2019est le pass\u00e9 qui nous dit qui nous sommes ; sans lui, nous perdons notre identit\u00e9.\u201d&nbsp;(Stephen Hawking).&nbsp; Cette ann\u00e9e encore&nbsp;CaribArte, rencontres d\u2019arts visuels&nbsp;repart en qu\u00eate de cr\u00e9ativit\u00e9 en empruntant le&hellip;<\/p>","protected":false},"author":1,"featured_media":0,"parent":0,"menu_order":0,"comment_status":"closed","ping_status":"closed","template":"","meta":{"_coblocks_attr":"","_coblocks_dimensions":"","_coblocks_responsive_height":"","_coblocks_accordion_ie_support":"","footnotes":""},"class_list":["post-21388","page","type-page","status-publish","hentry"],"_links":{"self":[{"href":"https:\/\/caribarte.org\/en\/wp-json\/wp\/v2\/pages\/21388","targetHints":{"allow":["GET"]}}],"collection":[{"href":"https:\/\/caribarte.org\/en\/wp-json\/wp\/v2\/pages"}],"about":[{"href":"https:\/\/caribarte.org\/en\/wp-json\/wp\/v2\/types\/page"}],"author":[{"embeddable":true,"href":"https:\/\/caribarte.org\/en\/wp-json\/wp\/v2\/users\/1"}],"replies":[{"embeddable":true,"href":"https:\/\/caribarte.org\/en\/wp-json\/wp\/v2\/comments?post=21388"}],"version-history":[{"count":26,"href":"https:\/\/caribarte.org\/en\/wp-json\/wp\/v2\/pages\/21388\/revisions"}],"predecessor-version":[{"id":21466,"href":"https:\/\/caribarte.org\/en\/wp-json\/wp\/v2\/pages\/21388\/revisions\/21466"}],"wp:attachment":[{"href":"https:\/\/caribarte.org\/en\/wp-json\/wp\/v2\/media?parent=21388"}],"curies":[{"name":"wp","href":"https:\/\/api.w.org\/{rel}","templated":true}]}}