{"id":20991,"date":"2024-06-19T18:18:48","date_gmt":"2024-06-19T18:18:48","guid":{"rendered":"https:\/\/caribarte.org\/?page_id=20991"},"modified":"2024-06-20T03:14:46","modified_gmt":"2024-06-20T03:14:46","slug":"notre-equipe","status":"publish","type":"page","link":"https:\/\/caribarte.org\/en\/notre-equipe\/","title":{"rendered":"Our Team"},"content":{"rendered":"<div data-elementor-type=\"wp-page\" data-elementor-id=\"20991\" class=\"elementor elementor-20991\">\n\t\t\t\t<div class=\"elementor-element elementor-element-da6f2d8 e-flex e-con-boxed sc_inner_width_none sc_layouts_column_icons_position_left e-con e-parent\" data-id=\"da6f2d8\" data-element_type=\"container\" data-e-type=\"container\">\n\t\t\t\t\t<div class=\"e-con-inner\">\n\t\t<div class=\"elementor-element elementor-element-73b8bab e-con-full e-flex sc_inner_width_none sc_layouts_column_icons_position_left e-con e-child\" data-id=\"73b8bab\" data-element_type=\"container\" data-e-type=\"container\">\n\t\t\t\t<div class=\"elementor-element elementor-element-6ad4d70 sc_fly_static elementor-widget elementor-widget-heading\" data-id=\"6ad4d70\" data-element_type=\"widget\" data-e-type=\"widget\" data-widget_type=\"heading.default\">\n\t\t\t\t<div class=\"elementor-widget-container\">\n\t\t\t\t\t<h5 class=\"elementor-heading-title elementor-size-default\">General coordination of the festival<\/h5>\t\t\t\t<\/div>\n\t\t\t\t<\/div>\n\t\t\t\t<\/div>\n\t\t<div class=\"elementor-element elementor-element-5dda3fd e-con-full e-flex sc_inner_width_none sc_layouts_column_icons_position_left e-con e-child\" data-id=\"5dda3fd\" data-element_type=\"container\" data-e-type=\"container\">\n\t\t\t\t<div class=\"elementor-element elementor-element-9d20248 sc_fly_static elementor-widget elementor-widget-heading\" data-id=\"9d20248\" data-element_type=\"widget\" data-e-type=\"widget\" data-widget_type=\"heading.default\">\n\t\t\t\t<div class=\"elementor-widget-container\">\n\t\t\t\t\t<h5 class=\"elementor-heading-title elementor-size-default\">\nTranslation &amp; revision\n<\/h5>\t\t\t\t<\/div>\n\t\t\t\t<\/div>\n\t\t\t\t<\/div>\n\t\t<div class=\"elementor-element elementor-element-4d1a1a8 e-con-full e-flex sc_inner_width_none sc_layouts_column_icons_position_left e-con e-child\" data-id=\"4d1a1a8\" data-element_type=\"container\" data-e-type=\"container\">\n\t\t\t\t<div class=\"elementor-element elementor-element-db2e2bd sc_fly_static elementor-widget elementor-widget-image\" data-id=\"db2e2bd\" data-element_type=\"widget\" data-e-type=\"widget\" data-widget_type=\"image.default\">\n\t\t\t\t<div class=\"elementor-widget-container\">\n\t\t\t\t\t\t\t\t\t\t\t\t<figure class=\"wp-caption\">\n\t\t\t\t\t\t\t\t\t\t<img fetchpriority=\"high\" decoding=\"async\" width=\"239\" height=\"300\" src=\"https:\/\/caribarte.org\/wp-content\/uploads\/2024\/04\/Grego-239x300.jpg\" class=\"attachment-medium size-medium wp-image-20793\" alt=\"\" srcset=\"https:\/\/caribarte.org\/wp-content\/uploads\/2024\/04\/Grego-239x300.jpg 239w, https:\/\/caribarte.org\/wp-content\/uploads\/2024\/04\/Grego-370x465.jpg 370w, https:\/\/caribarte.org\/wp-content\/uploads\/2024\/04\/Grego-410x516.jpg 410w, https:\/\/caribarte.org\/wp-content\/uploads\/2024\/04\/Grego.jpg 586w\" sizes=\"(max-width: 239px) 100vw, 239px\" \/>\t\t\t\t\t\t\t\t\t\t\t<figcaption class=\"widget-image-caption wp-caption-text\">Gr\u00e9gory Jean-Baptiste<\/figcaption>\n\t\t\t\t\t\t\t\t\t\t<\/figure>\n\t\t\t\t\t\t\t\t\t<\/div>\n\t\t\t\t<\/div>\n\t\t<div class=\"elementor-element elementor-element-cc94a84 e-con-full e-flex sc_inner_width_none sc_layouts_column_icons_position_left e-con e-child\" data-id=\"cc94a84\" data-element_type=\"container\" data-e-type=\"container\">\n\t\t\t\t<div class=\"elementor-element elementor-element-6c5db4e sc_fly_static elementor-widget elementor-widget-image\" data-id=\"6c5db4e\" data-element_type=\"widget\" data-e-type=\"widget\" data-widget_type=\"image.default\">\n\t\t\t\t<div class=\"elementor-widget-container\">\n\t\t\t\t\t\t\t\t\t\t\t\t<figure class=\"wp-caption\">\n\t\t\t\t\t\t\t\t\t\t<img decoding=\"async\" width=\"239\" height=\"300\" src=\"https:\/\/caribarte.org\/wp-content\/uploads\/2024\/04\/Daniel-239x300.jpg\" class=\"attachment-medium size-medium wp-image-20800\" alt=\"\" srcset=\"https:\/\/caribarte.org\/wp-content\/uploads\/2024\/04\/Daniel-239x300.jpg 239w, https:\/\/caribarte.org\/wp-content\/uploads\/2024\/04\/Daniel-370x465.jpg 370w, https:\/\/caribarte.org\/wp-content\/uploads\/2024\/04\/Daniel-410x516.jpg 410w, https:\/\/caribarte.org\/wp-content\/uploads\/2024\/04\/Daniel.jpg 586w\" sizes=\"(max-width: 239px) 100vw, 239px\" \/>\t\t\t\t\t\t\t\t\t\t\t<figcaption class=\"widget-image-caption wp-caption-text\">Daniel Godefroy<\/figcaption>\n\t\t\t\t\t\t\t\t\t\t<\/figure>\n\t\t\t\t\t\t\t\t\t<\/div>\n\t\t\t\t<\/div>\n\t\t\t\t<div class=\"elementor-element elementor-element-9b828ff sc_fly_static elementor-widget elementor-widget-heading\" data-id=\"9b828ff\" data-element_type=\"widget\" data-e-type=\"widget\" data-widget_type=\"heading.default\">\n\t\t\t\t<div class=\"elementor-widget-container\">\n\t\t\t\t\t<h5 class=\"elementor-heading-title elementor-size-default\">Files selection<\/h5>\t\t\t\t<\/div>\n\t\t\t\t<\/div>\n\t\t\t\t<\/div>\n\t\t\t\t<div class=\"elementor-element elementor-element-228fe5f sc_fly_static elementor-widget elementor-widget-image\" data-id=\"228fe5f\" data-element_type=\"widget\" data-e-type=\"widget\" data-widget_type=\"image.default\">\n\t\t\t\t<div class=\"elementor-widget-container\">\n\t\t\t\t\t\t\t\t\t\t\t\t<figure class=\"wp-caption\">\n\t\t\t\t\t\t\t\t\t\t<img decoding=\"async\" width=\"239\" height=\"300\" src=\"https:\/\/caribarte.org\/wp-content\/uploads\/2024\/04\/Valerie-239x300.jpg\" class=\"attachment-medium size-medium wp-image-20802\" alt=\"\" srcset=\"https:\/\/caribarte.org\/wp-content\/uploads\/2024\/04\/Valerie-239x300.jpg 239w, https:\/\/caribarte.org\/wp-content\/uploads\/2024\/04\/Valerie-370x465.jpg 370w, https:\/\/caribarte.org\/wp-content\/uploads\/2024\/04\/Valerie-410x516.jpg 410w, https:\/\/caribarte.org\/wp-content\/uploads\/2024\/04\/Valerie.jpg 586w\" sizes=\"(max-width: 239px) 100vw, 239px\" \/>\t\t\t\t\t\t\t\t\t\t\t<figcaption class=\"widget-image-caption wp-caption-text\">Val\u00e9rie Pass\u00e9<\/figcaption>\n\t\t\t\t\t\t\t\t\t\t<\/figure>\n\t\t\t\t\t\t\t\t\t<\/div>\n\t\t\t\t<\/div>\n\t\t\t\t<div class=\"elementor-element elementor-element-8034f18 sc_fly_static elementor-widget elementor-widget-image\" data-id=\"8034f18\" data-element_type=\"widget\" data-e-type=\"widget\" data-widget_type=\"image.default\">\n\t\t\t\t<div class=\"elementor-widget-container\">\n\t\t\t\t\t\t\t\t\t\t\t\t<figure class=\"wp-caption\">\n\t\t\t\t\t\t\t\t\t\t<img loading=\"lazy\" decoding=\"async\" width=\"239\" height=\"300\" src=\"https:\/\/caribarte.org\/wp-content\/uploads\/2024\/04\/Sabiha-239x300.jpg\" class=\"attachment-medium size-medium wp-image-20797\" alt=\"\" srcset=\"https:\/\/caribarte.org\/wp-content\/uploads\/2024\/04\/Sabiha-239x300.jpg 239w, https:\/\/caribarte.org\/wp-content\/uploads\/2024\/04\/Sabiha-370x465.jpg 370w, https:\/\/caribarte.org\/wp-content\/uploads\/2024\/04\/Sabiha-410x516.jpg 410w, https:\/\/caribarte.org\/wp-content\/uploads\/2024\/04\/Sabiha.jpg 586w\" sizes=\"(max-width: 239px) 100vw, 239px\" \/>\t\t\t\t\t\t\t\t\t\t\t<figcaption class=\"widget-image-caption wp-caption-text\">Sabiha Merabet<\/figcaption>\n\t\t\t\t\t\t\t\t\t\t<\/figure>\n\t\t\t\t\t\t\t\t\t<\/div>\n\t\t\t\t<\/div>\n\t\t\t\t<div class=\"elementor-element elementor-element-9ddb707 sc_fly_static elementor-widget elementor-widget-image\" data-id=\"9ddb707\" data-element_type=\"widget\" data-e-type=\"widget\" data-widget_type=\"image.default\">\n\t\t\t\t<div class=\"elementor-widget-container\">\n\t\t\t\t\t\t\t\t\t\t\t\t<figure class=\"wp-caption\">\n\t\t\t\t\t\t\t\t\t\t<img loading=\"lazy\" decoding=\"async\" width=\"239\" height=\"300\" src=\"https:\/\/caribarte.org\/wp-content\/uploads\/2024\/04\/Fritz-239x300.jpg\" class=\"attachment-medium size-medium wp-image-20795\" alt=\"\" srcset=\"https:\/\/caribarte.org\/wp-content\/uploads\/2024\/04\/Fritz-239x300.jpg 239w, https:\/\/caribarte.org\/wp-content\/uploads\/2024\/04\/Fritz-370x465.jpg 370w, https:\/\/caribarte.org\/wp-content\/uploads\/2024\/04\/Fritz-410x516.jpg 410w, https:\/\/caribarte.org\/wp-content\/uploads\/2024\/04\/Fritz.jpg 586w\" sizes=\"(max-width: 239px) 100vw, 239px\" \/>\t\t\t\t\t\t\t\t\t\t\t<figcaption class=\"widget-image-caption wp-caption-text\">Fritz Hjardemaal<\/figcaption>\n\t\t\t\t\t\t\t\t\t\t<\/figure>\n\t\t\t\t\t\t\t\t\t<\/div>\n\t\t\t\t<\/div>\n\t\t\t\t<\/div>\n\t\t<div class=\"elementor-element elementor-element-802392c e-con-full e-flex sc_inner_width_none sc_layouts_column_icons_position_left e-con e-child\" data-id=\"802392c\" data-element_type=\"container\" data-e-type=\"container\">\n\t\t\t\t<div class=\"elementor-element elementor-element-c622454 sc_fly_static elementor-widget elementor-widget-image\" data-id=\"c622454\" data-element_type=\"widget\" data-e-type=\"widget\" data-widget_type=\"image.default\">\n\t\t\t\t<div class=\"elementor-widget-container\">\n\t\t\t\t\t\t\t\t\t\t\t\t<figure class=\"wp-caption\">\n\t\t\t\t\t\t\t\t\t\t<img loading=\"lazy\" decoding=\"async\" width=\"239\" height=\"300\" src=\"https:\/\/caribarte.org\/wp-content\/uploads\/2024\/04\/Maxime-239x300.jpg\" class=\"attachment-medium size-medium wp-image-20799\" alt=\"\" srcset=\"https:\/\/caribarte.org\/wp-content\/uploads\/2024\/04\/Maxime-239x300.jpg 239w, https:\/\/caribarte.org\/wp-content\/uploads\/2024\/04\/Maxime-370x465.jpg 370w, https:\/\/caribarte.org\/wp-content\/uploads\/2024\/04\/Maxime-410x516.jpg 410w, https:\/\/caribarte.org\/wp-content\/uploads\/2024\/04\/Maxime.jpg 586w\" sizes=\"(max-width: 239px) 100vw, 239px\" \/>\t\t\t\t\t\t\t\t\t\t\t<figcaption class=\"widget-image-caption wp-caption-text\">Max Valbrune<\/figcaption>\n\t\t\t\t\t\t\t\t\t\t<\/figure>\n\t\t\t\t\t\t\t\t\t<\/div>\n\t\t\t\t<\/div>\n\t\t<div class=\"elementor-element elementor-element-66a8fbd e-con-full e-flex sc_inner_width_none sc_layouts_column_icons_position_left e-con e-child\" data-id=\"66a8fbd\" data-element_type=\"container\" data-e-type=\"container\">\n\t\t\t\t<div class=\"elementor-element elementor-element-4ccb2dc sc_fly_static elementor-widget elementor-widget-image\" data-id=\"4ccb2dc\" data-element_type=\"widget\" data-e-type=\"widget\" data-widget_type=\"image.default\">\n\t\t\t\t<div class=\"elementor-widget-container\">\n\t\t\t\t\t\t\t\t\t\t\t\t<figure class=\"wp-caption\">\n\t\t\t\t\t\t\t\t\t\t<img loading=\"lazy\" decoding=\"async\" width=\"239\" height=\"300\" src=\"https:\/\/caribarte.org\/wp-content\/uploads\/2024\/04\/Eka-239x300.jpg\" class=\"attachment-medium size-medium wp-image-20888\" alt=\"\" srcset=\"https:\/\/caribarte.org\/wp-content\/uploads\/2024\/04\/Eka-239x300.jpg 239w, https:\/\/caribarte.org\/wp-content\/uploads\/2024\/04\/Eka-370x465.jpg 370w, https:\/\/caribarte.org\/wp-content\/uploads\/2024\/04\/Eka-410x516.jpg 410w, https:\/\/caribarte.org\/wp-content\/uploads\/2024\/04\/Eka.jpg 586w\" sizes=\"(max-width: 239px) 100vw, 239px\" \/>\t\t\t\t\t\t\t\t\t\t\t<figcaption class=\"widget-image-caption wp-caption-text\">Eka Huerta McLean<\/figcaption>\n\t\t\t\t\t\t\t\t\t\t<\/figure>\n\t\t\t\t\t\t\t\t\t<\/div>\n\t\t\t\t<\/div>\n\t\t\t\t<\/div>\n\t\t\t\t<div class=\"elementor-element elementor-element-b056a63 sc_fly_static elementor-widget elementor-widget-heading\" data-id=\"b056a63\" data-element_type=\"widget\" data-e-type=\"widget\" data-widget_type=\"heading.default\">\n\t\t\t\t<div class=\"elementor-widget-container\">\n\t\t\t\t\t<h5 class=\"elementor-heading-title elementor-size-default\">Administrative assistants<\/h5>\t\t\t\t<\/div>\n\t\t\t\t<\/div>\n\t\t\t\t<div class=\"elementor-element elementor-element-9ae98e9 sc_fly_static elementor-widget elementor-widget-image\" data-id=\"9ae98e9\" data-element_type=\"widget\" data-e-type=\"widget\" data-widget_type=\"image.default\">\n\t\t\t\t<div class=\"elementor-widget-container\">\n\t\t\t\t\t\t\t\t\t\t\t\t<figure class=\"wp-caption\">\n\t\t\t\t\t\t\t\t\t\t<img loading=\"lazy\" decoding=\"async\" width=\"239\" height=\"300\" src=\"https:\/\/caribarte.org\/wp-content\/uploads\/2024\/06\/Dayana-239x300.jpg\" class=\"attachment-medium size-medium wp-image-20985\" alt=\"\" srcset=\"https:\/\/caribarte.org\/wp-content\/uploads\/2024\/06\/Dayana-239x300.jpg 239w, https:\/\/caribarte.org\/wp-content\/uploads\/2024\/06\/Dayana-370x465.jpg 370w, https:\/\/caribarte.org\/wp-content\/uploads\/2024\/06\/Dayana-410x516.jpg 410w, https:\/\/caribarte.org\/wp-content\/uploads\/2024\/06\/Dayana.jpg 586w\" sizes=\"(max-width: 239px) 100vw, 239px\" \/>\t\t\t\t\t\t\t\t\t\t\t<figcaption class=\"widget-image-caption wp-caption-text\">Dayana Eliacin<\/figcaption>\n\t\t\t\t\t\t\t\t\t\t<\/figure>\n\t\t\t\t\t\t\t\t\t<\/div>\n\t\t\t\t<\/div>\n\t\t\t\t<div class=\"elementor-element elementor-element-e304975 sc_fly_static elementor-widget elementor-widget-image\" data-id=\"e304975\" data-element_type=\"widget\" data-e-type=\"widget\" data-widget_type=\"image.default\">\n\t\t\t\t<div class=\"elementor-widget-container\">\n\t\t\t\t\t\t\t\t\t\t\t\t<figure class=\"wp-caption\">\n\t\t\t\t\t\t\t\t\t\t<img loading=\"lazy\" decoding=\"async\" width=\"239\" height=\"300\" src=\"https:\/\/caribarte.org\/wp-content\/uploads\/2024\/06\/Dannarah-239x300.jpg\" class=\"attachment-medium size-medium wp-image-20986\" alt=\"\" srcset=\"https:\/\/caribarte.org\/wp-content\/uploads\/2024\/06\/Dannarah-239x300.jpg 239w, https:\/\/caribarte.org\/wp-content\/uploads\/2024\/06\/Dannarah-370x465.jpg 370w, https:\/\/caribarte.org\/wp-content\/uploads\/2024\/06\/Dannarah-410x516.jpg 410w, https:\/\/caribarte.org\/wp-content\/uploads\/2024\/06\/Dannarah.jpg 586w\" sizes=\"(max-width: 239px) 100vw, 239px\" \/>\t\t\t\t\t\t\t\t\t\t\t<figcaption class=\"widget-image-caption wp-caption-text\">Dannarah Castor<\/figcaption>\n\t\t\t\t\t\t\t\t\t\t<\/figure>\n\t\t\t\t\t\t\t\t\t<\/div>\n\t\t\t\t<\/div>\n\t\t\t\t<div class=\"elementor-element elementor-element-f2d837a sc_fly_static elementor-widget elementor-widget-heading\" data-id=\"f2d837a\" data-element_type=\"widget\" data-e-type=\"widget\" data-widget_type=\"heading.default\">\n\t\t\t\t<div class=\"elementor-widget-container\">\n\t\t\t\t\t<h5 class=\"elementor-heading-title elementor-size-default\">Volunteers manager<\/h5>\t\t\t\t<\/div>\n\t\t\t\t<\/div>\n\t\t\t\t<div class=\"elementor-element elementor-element-b19145d sc_fly_static elementor-widget elementor-widget-image\" data-id=\"b19145d\" data-element_type=\"widget\" data-e-type=\"widget\" data-widget_type=\"image.default\">\n\t\t\t\t<div class=\"elementor-widget-container\">\n\t\t\t\t\t\t\t\t\t\t\t\t<figure class=\"wp-caption\">\n\t\t\t\t\t\t\t\t\t\t<img loading=\"lazy\" decoding=\"async\" width=\"239\" height=\"300\" src=\"https:\/\/caribarte.org\/wp-content\/uploads\/2024\/04\/FlorenceBrice-239x300.jpg\" class=\"attachment-medium size-medium wp-image-20980\" alt=\"\" srcset=\"https:\/\/caribarte.org\/wp-content\/uploads\/2024\/04\/FlorenceBrice-239x300.jpg 239w, https:\/\/caribarte.org\/wp-content\/uploads\/2024\/04\/FlorenceBrice-370x465.jpg 370w, https:\/\/caribarte.org\/wp-content\/uploads\/2024\/04\/FlorenceBrice-410x516.jpg 410w, https:\/\/caribarte.org\/wp-content\/uploads\/2024\/04\/FlorenceBrice.jpg 586w\" sizes=\"(max-width: 239px) 100vw, 239px\" \/>\t\t\t\t\t\t\t\t\t\t\t<figcaption class=\"widget-image-caption wp-caption-text\">Florence Brice<\/figcaption>\n\t\t\t\t\t\t\t\t\t\t<\/figure>\n\t\t\t\t\t\t\t\t\t<\/div>\n\t\t\t\t<\/div>\n\t\t\t\t<\/div>\n\t\t<div class=\"e-con-gap-no elementor-element elementor-element-e770ce3 e-con-full e-flex sc_inner_width_none sc_layouts_column_icons_position_left e-con e-child\" data-id=\"e770ce3\" data-element_type=\"container\" data-e-type=\"container\">\n\t\t\t\t<\/div>\n\t\t\t\t\t<\/div>\n\t\t\t\t<\/div>\n\t\t\t\t<\/div>","protected":false},"excerpt":{"rendered":"<p>Coordination g\u00e9n\u00e9rale du festival Traduction et r\u00e9vision Gr\u00e9gory Jean-Baptiste Daniel Godefroy S\u00e9lection des dossiers Val\u00e9rie Pass\u00e9 Sabiha Merabet Fritz Hjardemaal Max Valbrune Eka Huerta McLean Adjointes administratives Dayana Eliacin Dannarah&hellip;<\/p>","protected":false},"author":1,"featured_media":0,"parent":0,"menu_order":0,"comment_status":"closed","ping_status":"closed","template":"","meta":{"_coblocks_attr":"","_coblocks_dimensions":"","_coblocks_responsive_height":"","_coblocks_accordion_ie_support":"","footnotes":""},"class_list":["post-20991","page","type-page","status-publish","hentry"],"_links":{"self":[{"href":"https:\/\/caribarte.org\/en\/wp-json\/wp\/v2\/pages\/20991","targetHints":{"allow":["GET"]}}],"collection":[{"href":"https:\/\/caribarte.org\/en\/wp-json\/wp\/v2\/pages"}],"about":[{"href":"https:\/\/caribarte.org\/en\/wp-json\/wp\/v2\/types\/page"}],"author":[{"embeddable":true,"href":"https:\/\/caribarte.org\/en\/wp-json\/wp\/v2\/users\/1"}],"replies":[{"embeddable":true,"href":"https:\/\/caribarte.org\/en\/wp-json\/wp\/v2\/comments?post=20991"}],"version-history":[{"count":8,"href":"https:\/\/caribarte.org\/en\/wp-json\/wp\/v2\/pages\/20991\/revisions"}],"predecessor-version":[{"id":21002,"href":"https:\/\/caribarte.org\/en\/wp-json\/wp\/v2\/pages\/20991\/revisions\/21002"}],"wp:attachment":[{"href":"https:\/\/caribarte.org\/en\/wp-json\/wp\/v2\/media?parent=20991"}],"curies":[{"name":"wp","href":"https:\/\/api.w.org\/{rel}","templated":true}]}}