{"id":18170,"date":"2022-06-27T14:53:42","date_gmt":"2022-06-27T14:53:42","guid":{"rendered":"https:\/\/caribarte.org\/?page_id=18170"},"modified":"2026-03-28T20:11:19","modified_gmt":"2026-03-28T20:11:19","slug":"1re-edition","status":"publish","type":"page","link":"https:\/\/caribarte.org\/en\/1re-edition\/","title":{"rendered":"1re \u00e9dition"},"content":{"rendered":"<style>\/*! elementor - v3.18.0 - 20-12-2023 *\/\n.elementor-heading-title{padding:0;margin:0;line-height:1}.elementor-widget-heading .elementor-heading-title[class*=elementor-size-]>a{color:inherit;font-size:inherit;line-height:inherit}.elementor-widget-heading .elementor-heading-title.elementor-size-small{font-size:15px}.elementor-widget-heading .elementor-heading-title.elementor-size-medium{font-size:19px}.elementor-widget-heading .elementor-heading-title.elementor-size-large{font-size:29px}.elementor-widget-heading .elementor-heading-title.elementor-size-xl{font-size:39px}.elementor-widget-heading .elementor-heading-title.elementor-size-xxl{font-size:59px}<\/style>\n<h2> Caribarte: rencontres d&rsquo;arts visuels <br \/>\n1- 24 novembre 2023<\/h2>\n<h3>Vernissage: 4 novembre 2023<\/h3>\n<p><b>\u00c9dition 2023<br \/><\/b>L&rsquo;\u00e9dition 2023 de\u00a0<b>CaribArte: rencontres d&rsquo;arts visuels<\/b>\u00a0pr\u00e9texte un clin d&rsquo;\u0153il aux spectacles d&rsquo;ombres chinoises pour proposer de nouvelles pistes d&rsquo;interpr\u00e9tation de la r\u00e9alit\u00e9. \u00a0Les \u0153uvres du peintre <a href=\"https:\/\/caribarte.org\/portfolio\/olivier-vilaire\/\">Olivier Vilaire<\/a> et du photographe <a href=\"https:\/\/caribarte.org\/portfolio\/gregory-jean-baptiste\/\">Gregory Jean-Baptiste<\/a>, r\u00e9unies dans l&rsquo;exposition <b><u>au-del\u00e0 de la fantasmagorie<\/u><\/b>, jettent une nouvelle lumi\u00e8re sur les pouvoirs de l&rsquo;imagination. Deux conf\u00e9rences sont \u00e9galement pr\u00e9vues en marge de l&rsquo;exposition.<\/p>\n<p>\u00a0<b><u>L&rsquo;exposition<\/u><\/b><br \/>Bien plus qu&rsquo;un clin d&rsquo;\u0153il aux spectacles d&rsquo;ombres chinoises d&rsquo;autrefois, l&rsquo;exposition <b><u>au-del\u00e0 de la fantasmagorie<\/u><\/b> est un questionnement sur les liens entre l&rsquo;observation et la r\u00e9alit\u00e9. En une quinzaine d&rsquo;\u0153uvres le monde \u00e9nigmatique cr\u00e9\u00e9 par le peintre Olivier Vilaire et le photographe Gregory Jean-Baptiste nous d\u00e9voile des sujets intrigants, \u00e0 la limite du r\u00e9el de l&rsquo;onirisme et nous fait prendre conscience du pouvoir de l&rsquo;imagination<\/p>\n<hr \/>\n<p><strong>Sabiha Merabet,<br \/><\/strong>pr\u00e9sidente d&rsquo;honneur<\/p>\n<p><img decoding=\"async\" src=\"https:\/\/caribarte.org\/wp-content\/uploads\/2023\/11\/SabihaMerabet-300x300.jpeg\" alt=\"\" width=\"150\" height=\"150\" \/><\/p>\n<p>Sabiha Merabet est artiste visuel, styliste culinaire et photographe. Ses travaux priorisent le cot\u00e9 impulsif, le premier jet et la r\u00e9v\u00e9lation spontan\u00e9e, non censur\u00e9e, \u00e0 l&rsquo;origine de tout geste cr\u00e9ateur vrai. Elle pr\u00f4ne la r\u00e9habilitation de l&rsquo;inutile, du rejet\u00e9, par le regard de l&rsquo;artiste qui insuffle une valeur nouvelle aux objets oubli\u00e9s.<\/p>\n<hr \/>\n<p><strong>Vivardy Boursiquot,<br \/><\/strong>commissaire de l&rsquo;exposition<\/p>\n<p><img decoding=\"async\" src=\"https:\/\/caribarte.org\/wp-content\/uploads\/2023\/10\/VivardyBoursiquot-150x150.jpeg\" alt=\"\" width=\"150\" height=\"150\" \/><\/p>\n<p>Vivardy Boursiquot est un auteur, photographe et commissaire d\u2019exposition bas\u00e9 \u00e0 Montr\u00e9al. Ses nombreux d\u00e9placements a travers le monde le m\u00e8nent \u00e0 se questionner sur le sentiment d\u2019appartenance et l\u2019articulation des relations entre individu, collectif et environnement. Il s\u2019int\u00e9resse particuli\u00e8rement \u00e0 la place qu\u2019occupe l\u2019imaginaire dans la formation d\u2019identit\u00e9 et de la mani\u00e8re dont il forme notre perception du r\u00e9el.<\/p>\n<hr \/>\n<h6><b>Conf\u00e9rence<\/b><\/h6>\n<p><b><img decoding=\"async\" src=\"https:\/\/caribarte.org\/wp-content\/uploads\/2023\/10\/stEloi-200x300.jpeg\" alt=\"\" width=\"118\" height=\"177\" \/>Cr\u00e9er son langage : Au-del\u00e0 du cadre,<br \/>Causerie avec Rodney St Eloi<br \/>10 novembre 18h00<br \/><\/b><b>Rodney St Eloi entretient le public sur certains aspects de la cr\u00e9ation artistique.<br \/><\/b>\u00a0\u00a0\u00a0<\/p>\n<hr \/>\n<h6><b>Conf\u00e9rence<\/b><\/h6>\n<p><b><img loading=\"lazy\" decoding=\"async\" src=\"https:\/\/caribarte.org\/wp-content\/uploads\/2023\/11\/NormannCornet_.jpg\" alt=\"\" width=\"118\" height=\"177\" data-wp-editing=\"1\" \/><\/b><\/p>\n<p><b>Art et Spiritualit\u00e9,<br \/>causerie avec le professeur Norman Cornett<br \/>18 novembre 11H00<br \/>Diffusion en direct <a href=\"https:\/\/www.facebook.com\/caribarteartsvisuels\" target=\"_blank\" rel=\"noopener\">ici<\/a><br \/><\/b>\u00c9bloui par l\u2019esth\u00e9tique d\u2019inspiration vodou qui transparait dans leurs oeuvres, l\u2019\u00e9minent professeur et chercheur Norman Cornett s\u2019entretient ce samedi 18 novembre \u00e0 11h00 avec les artistes Olivier Vilaire et Gregory Jean-Baptiste sur le theme Spiritualit\u00e9 et esth\u00e9tisme. Le public est invit\u00e9 \u00e0 assister \u00e0 l\u2019entretien et \u00e0 poser leurs questions aux intervenants.<\/p>\n<hr \/>\n<h4>Horaire<\/h4>\n<p><strong>Exposition au-del\u00e0 de la fantasmagorie<\/strong>:<br \/>Lun &#8211; Ven 10H30 &#8211; 17H00<\/p>\n<p><strong>Vernissage:<\/strong><br \/>samedi 4 novembre 15H00 &#8211; 18H00<br \/><a href=\"https:\/\/caribarte.org\/1re-edition-vernissage\/\">Photos de l&rsquo;\u00e9v\u00e9nement<\/a><\/p>\n<p><strong>Causerie avec Rodney St Eloi:<br \/><\/strong>vendredi 10 novembre 18H00 &#8211; 20H00<br \/><a href=\"https:\/\/caribarte.org\/au-dela-de-la-fantasmagorie-causerie-avec-rodney-st-eloi\/\">Photos de l&rsquo;\u00e9v\u00e9nement<\/a><\/p>\n<p><strong>Art et Spiritualit\u00e9<\/strong>,<br \/>causerie avec le professeur Norman Cornett :<br \/>samedi 18 novembre 11H00<\/p>\n","protected":false},"excerpt":{"rendered":"<p>Caribarte: rencontres d&rsquo;arts visuels 1- 24 novembre 2023 Vernissage: 4 novembre 2023 \u00c9dition 2023L&rsquo;\u00e9dition 2023 de\u00a0CaribArte: rencontres d&rsquo;arts visuels\u00a0pr\u00e9texte un clin d&rsquo;\u0153il aux spectacles d&rsquo;ombres chinoises pour proposer de nouvelles&hellip;<\/p>","protected":false},"author":1,"featured_media":0,"parent":0,"menu_order":0,"comment_status":"closed","ping_status":"closed","template":"","meta":{"_coblocks_attr":"","_coblocks_dimensions":"","_coblocks_responsive_height":"","_coblocks_accordion_ie_support":"","footnotes":""},"class_list":["post-18170","page","type-page","status-publish","hentry"],"_links":{"self":[{"href":"https:\/\/caribarte.org\/en\/wp-json\/wp\/v2\/pages\/18170","targetHints":{"allow":["GET"]}}],"collection":[{"href":"https:\/\/caribarte.org\/en\/wp-json\/wp\/v2\/pages"}],"about":[{"href":"https:\/\/caribarte.org\/en\/wp-json\/wp\/v2\/types\/page"}],"author":[{"embeddable":true,"href":"https:\/\/caribarte.org\/en\/wp-json\/wp\/v2\/users\/1"}],"replies":[{"embeddable":true,"href":"https:\/\/caribarte.org\/en\/wp-json\/wp\/v2\/comments?post=18170"}],"version-history":[{"count":107,"href":"https:\/\/caribarte.org\/en\/wp-json\/wp\/v2\/pages\/18170\/revisions"}],"predecessor-version":[{"id":21339,"href":"https:\/\/caribarte.org\/en\/wp-json\/wp\/v2\/pages\/18170\/revisions\/21339"}],"wp:attachment":[{"href":"https:\/\/caribarte.org\/en\/wp-json\/wp\/v2\/media?parent=18170"}],"curies":[{"name":"wp","href":"https:\/\/api.w.org\/{rel}","templated":true}]}}